{"id":2089,"date":"2017-03-04T13:26:20","date_gmt":"2017-03-04T12:26:20","guid":{"rendered":"http:\/\/ecco-arte.at\/rework-0217\/?page_id=2089"},"modified":"2018-10-30T01:01:27","modified_gmt":"2018-10-30T00:01:27","slug":"publikationen","status":"publish","type":"page","link":"https:\/\/www.ecco-arte.at\/ru\/publikationen\/","title":{"rendered":"\u041f\u0423\u0411\u041b\u0418\u041a\u0410\u0426\u0418\u0418"},"content":{"rendered":"<div class=\"ctsc-focus ctsc-focus-normal \" style=\" background:#f3f1ea;\r\n\t\t\t\tbackground:-moz-linear-gradient(top, #f3f1ea 0%, #ffffff 100%);\r\n\t\t\t\tbackground:-webkit-linear-gradient(top, #f3f1ea 0%, #ffffff 100%); \r\n\t\t\t\tbackground:linear-gradient(to bottom, #f3f1ea 0%, #ffffff 100%);\r\n\t\t\t\tfilter:progid:DXImageTransform.Microsoft.gradient(startColorstr='#f3f1ea', endColorstr='#ffffff',GradientType=0);\">\n<p style=\"text-align: center;\"><a href=\"http:\/\/www.ecco-arte.at\/wp-content\/uploads\/2018\/10\/magie_vom_dach_der_welt.jpg\" target=\"_blank\" rel=\"noopener\"><img loading=\"lazy\" class=\"alignnone wp-image-2656 size-medium\" src=\"http:\/\/www.ecco-arte.at\/wp-content\/uploads\/2018\/10\/magie_vom_dach_der_welt-300x260.jpg\" alt=\"\" width=\"300\" height=\"260\" srcset=\"https:\/\/www.ecco-arte.at\/wp-content\/uploads\/2018\/10\/magie_vom_dach_der_welt-300x260.jpg 300w, https:\/\/www.ecco-arte.at\/wp-content\/uploads\/2018\/10\/magie_vom_dach_der_welt-768x664.jpg 768w, https:\/\/www.ecco-arte.at\/wp-content\/uploads\/2018\/10\/magie_vom_dach_der_welt.jpg 1000w\" sizes=\"(max-width: 300px) 100vw, 300px\" \/><\/a>\u00a0<a href=\"http:\/\/www.ecco-arte.at\/images\/stories\/puplikationen_schmuck_der_maharajas.jpg\" target=\"_blank\" rel=\"noopener\"><img loading=\"lazy\" class=\"alignnone\" src=\"http:\/\/www.ecco-arte.at\/images\/stories\/puplikationen_schmuck_der_maharajas.jpg\" width=\"284\" height=\"265\" \/><\/a><\/p>\n<p style=\"text-align: center;\"><a href=\"http:\/\/www.ecco-arte.at\/images\/stories\/gemmo_news_01f.jpg\" target=\"_blank\" rel=\"noopener\"><img loading=\"lazy\" class=\"alignnone wp-image-2090\" src=\"http:\/\/ecco-arte.at\/rework-0217\/wp-content\/uploads\/2017\/03\/gemmo_news_01-212x300.jpg\" alt=\"\" width=\"187\" height=\"265\" srcset=\"https:\/\/www.ecco-arte.at\/wp-content\/uploads\/2017\/03\/gemmo_news_01-212x300.jpg 212w, https:\/\/www.ecco-arte.at\/wp-content\/uploads\/2017\/03\/gemmo_news_01-35x50.jpg 35w, https:\/\/www.ecco-arte.at\/wp-content\/uploads\/2017\/03\/gemmo_news_01.jpg 450w\" sizes=\"(max-width: 187px) 100vw, 187px\" \/><\/a>\u00a0 <a href=\"http:\/\/www.ecco-arte.at\/images\/stories\/gemmo_news_02.jpg\" target=\"_blank\" rel=\"noopener\"><img loading=\"lazy\" class=\"alignnone\" src=\"http:\/\/www.ecco-arte.at\/images\/stories\/gemmo_news_02.jpg\" width=\"234\" height=\"265\" \/>\u00a0 \u00a0\u00a0<\/a><\/p>\n<div style=\"clear:both;width:100%;\"><\/div><\/div><div class=\"ctsc-focus ctsc-focus-normal \" style=\" background:#f3f1ea;\r\n\t\t\t\tbackground:-moz-linear-gradient(top, #f3f1ea 0%, #ffffff 100%);\r\n\t\t\t\tbackground:-webkit-linear-gradient(top, #f3f1ea 0%, #ffffff 100%); \r\n\t\t\t\tbackground:linear-gradient(to bottom, #f3f1ea 0%, #ffffff 100%);\r\n\t\t\t\tfilter:progid:DXImageTransform.Microsoft.gradient(startColorstr='#f3f1ea', endColorstr='#ffffff',GradientType=0);\">\n<p><img loading=\"lazy\" class=\"size-medium alignleft\" src=\"http:\/\/www.ecco-arte.at\/images\/stories\/ladakh.gif\" width=\"185\" height=\"251\" \/><\/p>\n<p><strong>Ladakh<\/strong><br \/>\nVergessene Feste &#8211; Botschaften im Fels<\/p>\n<p>192 Seiten 80 SW und 150 Farbabb.<br \/>\nFormat 23 x 23 cm. geb.<br \/>\nISBN: 978-3-201-01931-6<br \/>\nAutor: H. Weihreter, ADEVA Graz<\/p>\n<div style=\"clear:both;width:100%;\"><\/div>\n<p>Rezensionen \u00fcber &#8220;Ladakh&#8221;:<br \/>\n<a href=\"http:\/\/ecco-arte.at\/rework-0217\/rezension-ladakh-johannes-litzel\/\">Johannes Litzel<\/a><br \/>\n<a href=\"http:\/\/ecco-arte.at\/rework-0217\/rezension-ladakh-michael-buddeberg\/\">Michael Buddeberg<\/a><\/p>\n<p>Ladakh, das einst einsame, in Europa ziemlich unbekannte Bergland, hat sich in den letzten Jahrzehnten zu einem beliebten Reiseziel entwickelt. Dennoch sind viele Aspekte dieses gro\u00dfartigen Landes immer noch weitgehend unbekannt.? Nur wenige Spezialisten wissen von Felsbildern, die in Ladakh vom 1. Jahrtausend v. Chr. bis ins 20. Jahrhundert entstanden sind. Eine Ver\u00f6ffentlichung dieser faszinierenden Zeugen einer langen Geschichte ist inzwischen sehr dringlich geworden, denn viele der antiken Bildsteine, die in diesem Buch vorgestellt werden, existieren heute nicht mehr. In den Achtzigerjahren des 20. Jahrhunderts untersuchte der Autor zahlreiche Petroglyphen und kam dabei zu erstaunlichen Erkenntnissen. Der Blick auf manche Details gew\u00e4hrt uns interessante Einblicke in das Leben jener V\u00f6lker, welche die Bilder w\u00e4hrend der vergangenen drei Jahrtausende schufen. Durch das Fest der Bogensch\u00fctzen, die grandiose Wallfahrt nach Urgy\u00e4n Dzong und den Besuch bei einer der letzten lebenden Gottfrauen werden geistige Br\u00fccken von den Sch\u00f6pfern der Felsbilder bis in unsere Tage geschlagen. Dadurch gibt das Buch all jenen Reisenden, die tiefer in die Geheimnisse des Landes eindringen m\u00f6chten, Anregungen selbst nach Verborgenem zu suchen, das es dort noch immer gibt. In diesem Sinne gew\u00e4hrt dieses Buch nicht nur ungew\u00f6hnliche Einblicke in faszinierende Kulturen und ein Land von gewaltiger Sch\u00f6nheit, sondern es kann auch als Reisef\u00fchrer dienen, denn manch verborgener Schatz kann mit seiner Hilfe gefunden werden. Viele der eindrucksvollen Bilder, mit denen der Autor seine Erkl\u00e4rungen untermalt, k\u00f6nnen heute schon als historisch bezeichnet werden.<\/p>\n<div style=\"clear:both;width:100%;\"><\/div><\/div><div class=\"ctsc-focus ctsc-focus-normal \" style=\" background:#f3f1ea;\r\n\t\t\t\tbackground:-moz-linear-gradient(top, #f3f1ea 0%, #ffffff 100%);\r\n\t\t\t\tbackground:-webkit-linear-gradient(top, #f3f1ea 0%, #ffffff 100%); \r\n\t\t\t\tbackground:linear-gradient(to bottom, #f3f1ea 0%, #ffffff 100%);\r\n\t\t\t\tfilter:progid:DXImageTransform.Microsoft.gradient(startColorstr='#f3f1ea', endColorstr='#ffffff',GradientType=0);\">\n<p><img loading=\"lazy\" class=\"alignleft\" src=\"http:\/\/www.ecco-arte.at\/images\/stories\/cd.png\" width=\"130\" height=\"130\" \/><\/p>\n<p><strong>Edition Khyun<\/strong><br \/>\nPublikationen v. H. Weihreter zu Pr\u00e4sentationen von Ecco Arte\u00ae<\/p>\n<p>CD-ROM<div style=\"clear:both;width:100%;\"><\/div>\n<div class=\"ctsc-tablist ctsc-tablist-vertical\"><ul class=\"ctsc-tablist-nav\"><li><a href=\"#ctsc-tab-content-schutzende-pracht\">Sch\u00fctzende Pracht<\/a><\/li><li><a href=\"#ctsc-tab-content-die-juwelen-der-maharajas\">Die Juwelen der Maharajas<\/a><\/li><li><a href=\"#ctsc-tab-content-thog-lcags\">thog-lcags<\/a><\/li><li><a href=\"#ctsc-tab-content-jade\">Jade<\/a><\/li><li><a href=\"#ctsc-tab-content-kavachha\">Kavachha<\/a><\/li><\/ul><div id=\"ctsc-tab-content-schutzende-pracht\" class=\"ctsc-tab-content\"><p><strong>Sch\u00fctzende Pracht<\/strong><br \/>\nIndischer Schmuck aus drei Jahrhunderten.<\/p>\n<p>185 Seiten Text mit 185 Farbbilder (deutsch)<br \/>\nISBN: 3-938221-04-6<\/p>\n<p>Rezensionen \u00fcber &#8220;Mythos Gold&#8221;:<br \/>\n<a href=\"http:\/\/ecco-arte.at\/rework-0217\/mythos-gold-schuetzende-pracht\/\">Sch\u00fctzende Pracht<\/a><br \/>\n<a href=\"http:\/\/ecco-arte.at\/rework-0217\/rezension-mythos-gold-michael-buddeberg\/\">Michael Buddeberg<\/a><\/div>\n<div id=\"ctsc-tab-content-die-juwelen-der-maharajas\" class=\"ctsc-tab-content\"><p><strong>Die Juwelen der Maharajas<br \/>\n<\/strong>92 Seiten Text mit 114 Abbildungen.<br \/>\n(Franz\u00f6sisch\/Englisch\/Deutsch)<br \/>\nISBN 3-938221-03-8<\/p>\n<p>Rezension \u00fcber &#8220;Die Juwelen des Maharajas&#8221;:<br \/>\n<a href=\"http:\/\/ecco-arte.at\/rework-0217\/rezension-die-juwelen-der-maharajas-johannes-litzel\/\">Johannes Litzel<\/a><\/div>\n<div id=\"ctsc-tab-content-thog-lcags\" class=\"ctsc-tab-content\"><p><strong>thog-lcags<\/strong><br \/>\n128 Seiten Text mit 204 Abbildungen.<br \/>\nISBN 3-938221-00-3<br \/>\n(\u00dcbersetzung Franz\u00f6sisch\/Englisch in Vorbereitung)<\/p>\n<p>Rezension \u00fcber &#8220;thog-lcags&#8221;:<br \/>\n<a href=\"http:\/\/ecco-arte.at\/rework-0217\/rezension-thog-lcags-johannes-litzel\/\">Johannes Litzel<\/a><\/div>\n<div id=\"ctsc-tab-content-jade\" class=\"ctsc-tab-content\"><p><strong>Jade<\/strong><br \/>\n44 Seiten mit 25 Abbildungen.<br \/>\nFranz\u00f6sisch\/Italienisch\/Deutsch<br \/>\nISBN 3-938221-01-1<\/div>\n<div id=\"ctsc-tab-content-kavachha\" class=\"ctsc-tab-content\"><p><strong>Kavachha<\/strong><br \/>\nAmulette der Hindu Indiens<\/p>\n<p>3. erweiterte Auflage 193 Seiten, 220 Farbfotos<br \/>\n(\u00dcbersetzung Franz\u00f6sisch\/Englisch in Vorbereitung)<br \/>\nISBN 3-938221-02-X<\/p>\n<p>Rezensionen \u00fcber &#8220;Kavachha&#8221;:<br \/>\n<a href=\"http:\/\/ecco-arte.at\/rework-0217\/rezension-kavachha-johannes-litzel\/\">Johannes Litzel<\/a><br \/>\n<a href=\"http:\/\/ecco-arte.at\/rework-0217\/kavachha-michael-buddeberg\/\">Michael Buddeberg<\/a><\/div><\/div><div style=\"clear:both;width:100%;\"><\/div><\/div>\n","protected":false},"excerpt":{"rendered":"","protected":false},"author":1,"featured_media":0,"parent":0,"menu_order":0,"comment_status":"closed","ping_status":"closed","template":"","meta":[],"translation":{"provider":"WPGlobus","version":"2.10.4","language":"ru","enabled_languages":["de","en","fr","ru"],"languages":{"de":{"title":true,"content":true,"excerpt":false},"en":{"title":true,"content":true,"excerpt":false},"fr":{"title":true,"content":true,"excerpt":false},"ru":{"title":true,"content":true,"excerpt":false}}},"_links":{"self":[{"href":"https:\/\/www.ecco-arte.at\/ru\/wp-json\/wp\/v2\/pages\/2089"}],"collection":[{"href":"https:\/\/www.ecco-arte.at\/ru\/wp-json\/wp\/v2\/pages"}],"about":[{"href":"https:\/\/www.ecco-arte.at\/ru\/wp-json\/wp\/v2\/types\/page"}],"author":[{"embeddable":true,"href":"https:\/\/www.ecco-arte.at\/ru\/wp-json\/wp\/v2\/users\/1"}],"replies":[{"embeddable":true,"href":"https:\/\/www.ecco-arte.at\/ru\/wp-json\/wp\/v2\/comments?post=2089"}],"version-history":[{"count":42,"href":"https:\/\/www.ecco-arte.at\/ru\/wp-json\/wp\/v2\/pages\/2089\/revisions"}],"predecessor-version":[{"id":2163,"href":"https:\/\/www.ecco-arte.at\/ru\/wp-json\/wp\/v2\/pages\/2089\/revisions\/2163"}],"wp:attachment":[{"href":"https:\/\/www.ecco-arte.at\/ru\/wp-json\/wp\/v2\/media?parent=2089"}],"curies":[{"name":"wp","href":"https:\/\/api.w.org\/{rel}","templated":true}]}}