{"id":2330,"date":"2017-03-23T16:32:47","date_gmt":"2017-03-23T15:32:47","guid":{"rendered":"http:\/\/ecco-arte.at\/rework-0217\/?page_id=2330"},"modified":"2017-03-23T16:39:49","modified_gmt":"2017-03-23T15:39:49","slug":"wissenswertes-ueber-den-alten-indischen-schmuck","status":"publish","type":"page","link":"https:\/\/www.ecco-arte.at\/fr\/wissenswertes-ueber-den-alten-indischen-schmuck\/","title":{"rendered":"Wissenswertes \u00fcber den alten indischen Schmuck"},"content":{"rendered":"<p>Eine der reichsten Schmuckkulturen unserer Erde hat sich in den letzten 5000 Jahren in Indien entwickelt. Heute geh\u00f6ren Goldschmiedearbeiten aus dem alten Indien zu den gro\u00dfen Seltenheiten in internationaler Kunstsammlungen und Museen.<\/p>\n<p>Nur wenige dieser Exponate haben die Zeiten \u00fcberdauert. Kriege, Pl\u00fcnderungen und fremdl\u00e4ndische Arroganz f\u00fchrten dazu, dass fast alle Schmuckkreationen vergangener Jahrhunderte eingeschmolzen wurden. Die hohe k\u00fcnstlerische Qualit\u00e4t, F\u00fclle der Formen, die Vielfalt der angewandten Handwerkstechniken faszinieren. Techniken, die heute in der westlichen Welt vollkommen unbekannt sind, wurden angewandt.<\/p>\n<p>Enorme Bedeutung f\u00fcr die stilistische Entwicklung dieses Schmucks war die islamische Eroberung Nordindiens vom 11. &#8211; 14. Jh. Vor allem die Moguldynastie f\u00f6rderte die K\u00fcnste und hob die Schmuckkunst auf ein einzigartiges Niveau. Sie f\u00e4llt durch ihre Reichhaltigkeit auf: An der Vorderseite Gold und Juwelen; hochwertiges Email auf der R\u00fcckseite der Geschmeide, wenn es sich um Adelsschmuck aus Nordindien handelte.<\/p>\n<p>Jedes Schmuckst\u00fcck ist ein originales Einzelst\u00fcck, durfte nie dupliziert werden &#8211; wurde nur f\u00fcr den bzw. die Tr\u00e4gerin an den jeweiligen H\u00f6fen angefertigt. Die Symbolik dieser Schmuckst\u00fccke bezieht sich auf religi\u00f6se Urspr\u00fcnge. Daher auch kein wie in unserer Zeit gewohnter Schliff der gefassten Juwelen.<\/p>\n<p>Er war mehr als nur \u201eSchm\u00fccken\u201c oder \u201eZurschaustellung\u201c von Macht und Reichtum. Eine vollkommen gegens\u00e4tzliche Ideologie zu unseren heutigen westlichen Wertvorstellungen!<\/p>\n","protected":false},"excerpt":{"rendered":"<p>Eine der reichsten Schmuckkulturen unserer Erde hat sich in den letzten 5000 Jahren in Indien entwickelt. Heute geh\u00f6ren Goldschmiedearbeiten aus dem alten Indien zu den gro\u00dfen Seltenheiten in internationaler Kunstsammlungen und Museen. Nur wenige dieser Exponate haben die Zeiten \u00fcberdauert. Kriege, Pl\u00fcnderungen und fremdl\u00e4ndische Arroganz f\u00fchrten dazu, dass fast alle Schmuckkreationen vergangener Jahrhunderte eingeschmolzen wurden. Die hohe k\u00fcnstlerische Qualit\u00e4t, F\u00fclle der Formen, die Vielfalt der angewandten Handwerkstechniken faszinieren. Techniken, die heute in der westlichen Welt vollkommen unbekannt sind, wurden angewandt.&hellip;<\/p>\n","protected":false},"author":1,"featured_media":0,"parent":0,"menu_order":0,"comment_status":"closed","ping_status":"closed","template":"","meta":[],"translation":{"provider":"WPGlobus","version":"2.10.4","language":"fr","enabled_languages":["de","en","fr","ru"],"languages":{"de":{"title":true,"content":true,"excerpt":false},"en":{"title":false,"content":false,"excerpt":false},"fr":{"title":false,"content":false,"excerpt":false},"ru":{"title":false,"content":false,"excerpt":false}}},"_links":{"self":[{"href":"https:\/\/www.ecco-arte.at\/fr\/wp-json\/wp\/v2\/pages\/2330"}],"collection":[{"href":"https:\/\/www.ecco-arte.at\/fr\/wp-json\/wp\/v2\/pages"}],"about":[{"href":"https:\/\/www.ecco-arte.at\/fr\/wp-json\/wp\/v2\/types\/page"}],"author":[{"embeddable":true,"href":"https:\/\/www.ecco-arte.at\/fr\/wp-json\/wp\/v2\/users\/1"}],"replies":[{"embeddable":true,"href":"https:\/\/www.ecco-arte.at\/fr\/wp-json\/wp\/v2\/comments?post=2330"}],"version-history":[{"count":1,"href":"https:\/\/www.ecco-arte.at\/fr\/wp-json\/wp\/v2\/pages\/2330\/revisions"}],"predecessor-version":[{"id":2331,"href":"https:\/\/www.ecco-arte.at\/fr\/wp-json\/wp\/v2\/pages\/2330\/revisions\/2331"}],"wp:attachment":[{"href":"https:\/\/www.ecco-arte.at\/fr\/wp-json\/wp\/v2\/media?parent=2330"}],"curies":[{"name":"wp","href":"https:\/\/api.w.org\/{rel}","templated":true}]}}