{"id":2108,"date":"2017-03-05T10:42:11","date_gmt":"2017-03-05T09:42:11","guid":{"rendered":"http:\/\/ecco-arte.at\/rework-0217\/?page_id=2108"},"modified":"2019-05-17T10:38:08","modified_gmt":"2019-05-17T08:38:08","slug":"praesentationen","status":"publish","type":"page","link":"https:\/\/www.ecco-arte.at\/fr\/praesentationen\/","title":{"rendered":"Pr\u00e9sentation"},"content":{"rendered":"<div class=\"ctsc-focus ctsc-focus-normal \" style=\" background:#f3f1ea;\r\n\t\t\t\tbackground:-moz-linear-gradient(top, #f3f1ea 0%, #ffffff 100%);\r\n\t\t\t\tbackground:-webkit-linear-gradient(top, #f3f1ea 0%, #ffffff 100%); \r\n\t\t\t\tbackground:linear-gradient(to bottom, #f3f1ea 0%, #ffffff 100%);\r\n\t\t\t\tfilter:progid:DXImageTransform.Microsoft.gradient(startColorstr='#f3f1ea', endColorstr='#ffffff',GradientType=0);\">\n<p><img loading=\"lazy\" class=\"size-medium wp-image-2317 alignright\" src=\"http:\/\/www.ecco-arte.at\/wp-content\/uploads\/2017\/03\/geschaeft-300x200.jpg\" alt=\"\" width=\"300\" height=\"200\" srcset=\"https:\/\/www.ecco-arte.at\/wp-content\/uploads\/2017\/03\/geschaeft-300x200.jpg 300w, https:\/\/www.ecco-arte.at\/wp-content\/uploads\/2017\/03\/geschaeft.jpg 400w, https:\/\/www.ecco-arte.at\/wp-content\/uploads\/2017\/03\/geschaeft-50x33.jpg 50w\" sizes=\"(max-width: 300px) 100vw, 300px\" \/><\/p>\n<p><strong>Permanent Exhibition<\/strong><br \/>\nSackstrasse 24, A-8010 Graz<\/p>\n<p>We proudly present<\/p>\n<p><strong style=\"font-size: 20px;\">&#8220;Jewels from India&#8221;<\/strong><\/p>\n<p>All exhibits are for sale.<\/p>\n<div style=\"clear:both;width:100%;\"><\/div><\/div>\n<div class=\"ctsc-focus ctsc-focus-normal \" style=\" background:#f3f1ea;\r\n\t\t\t\tbackground:-moz-linear-gradient(top, #f3f1ea 0%, #ffffff 100%);\r\n\t\t\t\tbackground:-webkit-linear-gradient(top, #f3f1ea 0%, #ffffff 100%); \r\n\t\t\t\tbackground:linear-gradient(to bottom, #f3f1ea 0%, #ffffff 100%);\r\n\t\t\t\tfilter:progid:DXImageTransform.Microsoft.gradient(startColorstr='#f3f1ea', endColorstr='#ffffff',GradientType=0);\">\n<p><strong><img loading=\"lazy\" class=\"alignleft size-medium wp-image-2118\" src=\"http:\/\/ecco-arte.at\/wp-content\/uploads\/2017\/03\/mythos-gold-300x169.jpg\" alt=\"\" width=\"300\" height=\"169\" \/><\/strong><strong><br \/>\n\u00ab Le mythe de l\u2019Or \u00bb<\/strong><br \/>\nChefs-d\u2019oeuvre en or granul\u00e9 du 18i\u00e8me et 19i\u00e8me si\u00e8cle<br \/>\nDes pi\u00e8ces uniques du Gujerat pr\u00e9sent\u00e9es pour la premi\u00e8re fois.<\/p>\n<div style=\"clear:both;width:100%;\"><\/div><\/div>\n<div class=\"ctsc-focus ctsc-focus-normal \" style=\" background:#f3f1ea;\r\n\t\t\t\tbackground:-moz-linear-gradient(top, #f3f1ea 0%, #ffffff 100%);\r\n\t\t\t\tbackground:-webkit-linear-gradient(top, #f3f1ea 0%, #ffffff 100%); \r\n\t\t\t\tbackground:linear-gradient(to bottom, #f3f1ea 0%, #ffffff 100%);\r\n\t\t\t\tfilter:progid:DXImageTransform.Microsoft.gradient(startColorstr='#f3f1ea', endColorstr='#ffffff',GradientType=0);\">\n<img loading=\"lazy\" class=\"alignleft size-medium wp-image-2122\" src=\"http:\/\/ecco-arte.at\/wp-content\/uploads\/2017\/03\/juwelen-des-maharajas-300x169.jpg\" alt=\"\" width=\"300\" height=\"169\" \/><br \/>\n<strong>\u00ab Les joyaux des Maharajas \u00bb<\/strong><br \/>\nDans cette exposition sp\u00e9ciale nous pr\u00e9sentons pour la premi\u00e8re fois d\u2019exceptionnels bijoux royaux anciens des 17i\u00e8me, 18i\u00e8me et 19i\u00e8me si\u00e8cles.<br \/>\n<div style=\"clear:both;width:100%;\"><\/div><\/div>\n<div class=\"ctsc-focus ctsc-focus-normal \" style=\" background:#f3f1ea;\r\n\t\t\t\tbackground:-moz-linear-gradient(top, #f3f1ea 0%, #ffffff 100%);\r\n\t\t\t\tbackground:-webkit-linear-gradient(top, #f3f1ea 0%, #ffffff 100%); \r\n\t\t\t\tbackground:linear-gradient(to bottom, #f3f1ea 0%, #ffffff 100%);\r\n\t\t\t\tfilter:progid:DXImageTransform.Microsoft.gradient(startColorstr='#f3f1ea', endColorstr='#ffffff',GradientType=0);\">\n<strong><img loading=\"lazy\" class=\"alignleft size-medium wp-image-2123\" src=\"http:\/\/ecco-arte.at\/wp-content\/uploads\/2017\/03\/amulette-300x169.jpg\" alt=\"\" width=\"300\" height=\"169\" \/><\/strong><strong><br \/>\n\u00ab Amulettes \u00bb<\/strong><br \/>\nProtection et d\u00e9coration, depuis le 1ier mill\u00e9naire avant J.-C.<br \/>\n<div style=\"clear:both;width:100%;\"><\/div><\/div>\n","protected":false},"excerpt":{"rendered":"","protected":false},"author":1,"featured_media":0,"parent":0,"menu_order":0,"comment_status":"closed","ping_status":"closed","template":"","meta":[],"translation":{"provider":"WPGlobus","version":"2.10.4","language":"fr","enabled_languages":["de","en","fr","ru"],"languages":{"de":{"title":true,"content":true,"excerpt":false},"en":{"title":true,"content":true,"excerpt":false},"fr":{"title":true,"content":true,"excerpt":false},"ru":{"title":true,"content":true,"excerpt":false}}},"_links":{"self":[{"href":"https:\/\/www.ecco-arte.at\/fr\/wp-json\/wp\/v2\/pages\/2108"}],"collection":[{"href":"https:\/\/www.ecco-arte.at\/fr\/wp-json\/wp\/v2\/pages"}],"about":[{"href":"https:\/\/www.ecco-arte.at\/fr\/wp-json\/wp\/v2\/types\/page"}],"author":[{"embeddable":true,"href":"https:\/\/www.ecco-arte.at\/fr\/wp-json\/wp\/v2\/users\/1"}],"replies":[{"embeddable":true,"href":"https:\/\/www.ecco-arte.at\/fr\/wp-json\/wp\/v2\/comments?post=2108"}],"version-history":[{"count":74,"href":"https:\/\/www.ecco-arte.at\/fr\/wp-json\/wp\/v2\/pages\/2108\/revisions"}],"predecessor-version":[{"id":2711,"href":"https:\/\/www.ecco-arte.at\/fr\/wp-json\/wp\/v2\/pages\/2108\/revisions\/2711"}],"wp:attachment":[{"href":"https:\/\/www.ecco-arte.at\/fr\/wp-json\/wp\/v2\/media?parent=2108"}],"curies":[{"name":"wp","href":"https:\/\/api.w.org\/{rel}","templated":true}]}}