{"id":2078,"date":"2017-03-04T12:52:56","date_gmt":"2017-03-04T11:52:56","guid":{"rendered":"http:\/\/ecco-arte.at\/rework-0217\/?page_id=2078"},"modified":"2020-05-11T10:44:01","modified_gmt":"2020-05-11T08:44:01","slug":"willkommen","status":"publish","type":"page","link":"https:\/\/www.ecco-arte.at\/fr\/","title":{"rendered":"Bienvenue"},"content":{"rendered":"<h5 style=\"text-align: center;\"><strong>Opening hours<\/strong><\/h5>\n<p style=\"text-align: center;\">Monday &#8211; Friday<br \/>\n10 am \u2013 1 pm and 3 &#8211; 6 pm<\/p>\n<p style=\"text-align: center;\">Saturday<br \/>\n10 am &#8211; 1.30 pm<\/p>\n<p style=\"text-align: center;\">We also open at other hours, please call us in advance.<\/p>\n<p style=\"text-align: center;\">We are looking forward to your call or visit!<\/p>\n<hr \/>\n<h3 style=\"text-align: center;\"><strong>Anciens bijoux des grandes cultures asiatiques<\/strong><br \/>\n<strong> 1ier &#8211; 19i\u00e8me si\u00e8cle | Exclusif et d&#8217;origine<\/strong><\/h3>\n<div id='gallery-1' class='gallery galleryid-2078 gallery-columns-3 gallery-size-portfolio'><dl class='gallery-item'>\n\t\t\t<dt class='gallery-icon landscape'>\n\t\t\t\t<a data-gallery=\"gallery\" href='https:\/\/www.ecco-arte.at\/wp-content\/uploads\/2017\/03\/ecco_arte_schmuck_21-1.jpg'><img width=\"400\" height=\"450\" src=\"https:\/\/www.ecco-arte.at\/wp-content\/uploads\/2017\/03\/ecco_arte_schmuck_21-1-400x450.jpg\" class=\"attachment-portfolio size-portfolio\" alt=\"\" loading=\"lazy\" \/><\/a>\n\t\t\t<\/dt><\/dl><dl class='gallery-item'>\n\t\t\t<dt class='gallery-icon landscape'>\n\t\t\t\t<a data-gallery=\"gallery\" href='https:\/\/www.ecco-arte.at\/wp-content\/uploads\/2017\/03\/ecco_arte_schmuck_54.jpg'><img width=\"400\" height=\"450\" src=\"https:\/\/www.ecco-arte.at\/wp-content\/uploads\/2017\/03\/ecco_arte_schmuck_54-400x450.jpg\" class=\"attachment-portfolio size-portfolio\" alt=\"\" loading=\"lazy\" \/><\/a>\n\t\t\t<\/dt><\/dl><dl class='gallery-item'>\n\t\t\t<dt class='gallery-icon landscape'>\n\t\t\t\t<a data-gallery=\"gallery\" href='https:\/\/www.ecco-arte.at\/wp-content\/uploads\/2017\/03\/ecco_arte_schmuck_13-2.jpg'><img width=\"400\" height=\"450\" src=\"https:\/\/www.ecco-arte.at\/wp-content\/uploads\/2017\/03\/ecco_arte_schmuck_13-2-400x450.jpg\" class=\"attachment-portfolio size-portfolio\" alt=\"\" loading=\"lazy\" \/><\/a>\n\t\t\t<\/dt><\/dl><br style=\"clear: both\" \/>\n\t\t<\/div>\n\n<hr \/>\n<p><img loading=\"lazy\" class=\"size-medium alignleft\" src=\"http:\/\/www.ecco-arte.at\/images\/stories\/kontakt_img.jpg\" width=\"310\" height=\"206\" \/><strong>JOSEF POJER<br \/>\n<\/strong><\/p>\n<p>Plus de trente ans d\u2019exp\u00e9rience dans les cultures asiatiques.<br \/>\nExpert judiciaire (<a class=\"icon-external\" href=\"http:\/\/www.sdgliste.justiz.gv.at\/edikte\/sv\/svliste.nsf\/a\/W307919!OpenDocument\" target=\"_blank\" rel=\"noopener\">SDG-Liste<\/a>) dans le domaine des bijoux antiques et historiques de l\u2019Asie du Sud et Sud-Est.<br \/>\nConf\u00e9rences.<br \/>\n36 pr\u00e9sentations en Autriche et \u00e0 l&#8217;\u00e9tranger.<\/p>\n","protected":false},"excerpt":{"rendered":"<p>Opening hours Monday &#8211; Friday 10 am \u2013 1 pm and 3 &#8211; 6 pm Saturday 10 am &#8211; 1.30 pm We also open at other hours, please call us in advance. We are looking forward to your call or visit! Anciens bijoux des grandes cultures asiatiques 1ier &#8211; 19i\u00e8me si\u00e8cle | Exclusif et d&#8217;origine JOSEF POJER Plus de trente ans d\u2019exp\u00e9rience dans les cultures asiatiques. Expert judiciaire (SDG-Liste) dans le domaine des bijoux antiques et historiques de l\u2019Asie du&hellip;<\/p>\n","protected":false},"author":1,"featured_media":0,"parent":0,"menu_order":0,"comment_status":"closed","ping_status":"closed","template":"template-portfolio.php","meta":[],"translation":{"provider":"WPGlobus","version":"2.10.4","language":"fr","enabled_languages":["de","en","fr","ru"],"languages":{"de":{"title":true,"content":true,"excerpt":false},"en":{"title":true,"content":true,"excerpt":false},"fr":{"title":true,"content":true,"excerpt":false},"ru":{"title":true,"content":true,"excerpt":false}}},"_links":{"self":[{"href":"https:\/\/www.ecco-arte.at\/fr\/wp-json\/wp\/v2\/pages\/2078"}],"collection":[{"href":"https:\/\/www.ecco-arte.at\/fr\/wp-json\/wp\/v2\/pages"}],"about":[{"href":"https:\/\/www.ecco-arte.at\/fr\/wp-json\/wp\/v2\/types\/page"}],"author":[{"embeddable":true,"href":"https:\/\/www.ecco-arte.at\/fr\/wp-json\/wp\/v2\/users\/1"}],"replies":[{"embeddable":true,"href":"https:\/\/www.ecco-arte.at\/fr\/wp-json\/wp\/v2\/comments?post=2078"}],"version-history":[{"count":96,"href":"https:\/\/www.ecco-arte.at\/fr\/wp-json\/wp\/v2\/pages\/2078\/revisions"}],"predecessor-version":[{"id":2707,"href":"https:\/\/www.ecco-arte.at\/fr\/wp-json\/wp\/v2\/pages\/2078\/revisions\/2707"}],"wp:attachment":[{"href":"https:\/\/www.ecco-arte.at\/fr\/wp-json\/wp\/v2\/media?parent=2078"}],"curies":[{"name":"wp","href":"https:\/\/api.w.org\/{rel}","templated":true}]}}